{"id":10,"date":"2023-10-09T16:54:33","date_gmt":"2023-10-09T14:54:33","guid":{"rendered":"https:\/\/vuca-ai.com\/?page_id=10"},"modified":"2023-12-03T21:04:47","modified_gmt":"2023-12-03T20:04:47","slug":"accueil","status":"publish","type":"page","link":"https:\/\/vuca-ai.com\/fr\/","title":{"rendered":"Homepage"},"content":{"rendered":"<div data-elementor-type=\"wp-page\" data-elementor-id=\"10\" class=\"elementor elementor-10\" data-elementor-post-type=\"page\">\n\t\t\t\t<div class=\"elementor-element elementor-element-8976f94 e-con-full e-flex e-con e-parent\" data-id=\"8976f94\" data-element_type=\"container\" data-e-type=\"container\" data-settings=\"{&quot;background_background&quot;:&quot;video&quot;,&quot;background_video_link&quot;:&quot;https:\\\/\\\/vimeo.com\\\/879330724\\\/c1c81f1eb8&quot;,&quot;background_play_on_mobile&quot;:&quot;yes&quot;}\">\n\t\t<div class=\"elementor-background-video-container\">\n\t\t\t\t\t\t\t<div class=\"elementor-background-video-embed\" role=\"presentation\"><\/div>\n\t\t\t\t\t\t<\/div>\t\t<div class=\"elementor-element elementor-element-b4b642f elementor-widget elementor-widget-heading\" data-id=\"b4b642f\" data-element_type=\"widget\" data-e-type=\"widget\" data-widget_type=\"heading.default\">\n\t\t\t\t<div class=\"elementor-widget-container\">\n\t\t\t\t\t<h1 class=\"elementor-heading-title elementor-size-default\">Introducing Alice &amp; Lucie<\/h1>\t\t\t\t<\/div>\n\t\t\t\t<\/div>\n\t\t\t\t<div class=\"elementor-element elementor-element-7cc368e elementor-widget elementor-widget-text-editor\" data-id=\"7cc368e\" data-element_type=\"widget\" data-e-type=\"widget\" data-widget_type=\"text-editor.default\">\n\t\t\t\t<div class=\"elementor-widget-container\">\n\t\t\t\t\t\t\t\t\t<p>les IA les plus avanc\u00e9es pour accro\u00eetre la r\u00e9tention client<\/p>\t\t\t\t\t\t\t\t<\/div>\n\t\t\t\t<\/div>\n\t\t\t\t<\/div>\n\t\t<div class=\"elementor-element elementor-element-8084dda e-con-full e-flex e-con e-parent\" data-id=\"8084dda\" data-element_type=\"container\" data-e-type=\"container\">\n\t\t<a class=\"elementor-element elementor-element-f194c22 e-con-full e-flex e-con e-child\" data-id=\"f194c22\" data-element_type=\"container\" data-e-type=\"container\" href=\"https:\/\/vuca-ai.com\/fr\/products\/\">\n\t\t\t\t<div class=\"elementor-element elementor-element-23279f5 elementor-widget elementor-widget-heading\" data-id=\"23279f5\" data-element_type=\"widget\" data-e-type=\"widget\" data-widget_type=\"heading.default\">\n\t\t\t\t<div class=\"elementor-widget-container\">\n\t\t\t\t\t<h2 class=\"elementor-heading-title elementor-size-default\">Alice<\/h2>\t\t\t\t<\/div>\n\t\t\t\t<\/div>\n\t\t\t\t<div class=\"elementor-element elementor-element-c0db3e9 elementor-widget elementor-widget-text-editor\" data-id=\"c0db3e9\" data-element_type=\"widget\" data-e-type=\"widget\" data-widget_type=\"text-editor.default\">\n\t\t\t\t<div class=\"elementor-widget-container\">\n\t\t\t\t\t\t\t\t\t<p>Bas\u00e9e sur la r\u00e9volution causale du Docteur Pearl, Alice est une IA discriminante bas\u00e9e sur l'apprentissage automatique et destin\u00e9e \u00e0 am\u00e9liorer le taux de r\u00e9tention des clients. Entra\u00een\u00e9e \u00e0 partir de millions de donn\u00e9es de clients et de commandes, Alice b\u00e9n\u00e9ficie de 20 ans de recherche et d'applications dans le domaine de la fid\u00e9lisation des clients pour fournir des r\u00e9sultats commerciaux exceptionnels de mani\u00e8re simple et rapide, directement \u00e0 partir des donn\u00e9es de de votre entreprise.<\/p>\t\t\t\t\t\t\t\t<\/div>\n\t\t\t\t<\/div>\n\t\t\t\t<div class=\"elementor-element elementor-element-08d288d link-arrow elementor-view-default elementor-widget elementor-widget-icon\" data-id=\"08d288d\" data-element_type=\"widget\" data-e-type=\"widget\" data-widget_type=\"icon.default\">\n\t\t\t\t<div class=\"elementor-widget-container\">\n\t\t\t\t\t\t\t<div class=\"elementor-icon-wrapper\">\n\t\t\t<div class=\"elementor-icon\">\n\t\t\t<svg xmlns=\"http:\/\/www.w3.org\/2000\/svg\" width=\"21\" height=\"21\" viewbox=\"0 0 21 21\" fill=\"none\"><g clip-path=\"url(#clip0_4_59)\"><path d=\"M20.1792 0.4776H18.209H5.40303V2.44775H16.8168L0.477661 18.7869L1.8699 20.1791L18.209 3.83999V15.2537H20.1792V2.44775V0.4776Z\" fill=\"#CF2E2E\"><\/path><\/g><defs><clippath id=\"clip0_4_59\"><rect width=\"19.7015\" height=\"19.7015\" fill=\"white\" transform=\"translate(0.477661 0.4776)\"><\/rect><\/clippath><\/defs><\/svg>\t\t\t<\/div>\n\t\t<\/div>\n\t\t\t\t\t\t<\/div>\n\t\t\t\t<\/div>\n\t\t\t\t<\/a>\n\t\t<a class=\"elementor-element elementor-element-72746de e-con-full e-flex e-con e-child\" data-id=\"72746de\" data-element_type=\"container\" data-e-type=\"container\" href=\"https:\/\/vuca-ai.com\/fr\/products\/\">\n\t\t\t\t<div class=\"elementor-element elementor-element-336d4de elementor-widget elementor-widget-heading\" data-id=\"336d4de\" data-element_type=\"widget\" data-e-type=\"widget\" data-widget_type=\"heading.default\">\n\t\t\t\t<div class=\"elementor-widget-container\">\n\t\t\t\t\t<h2 class=\"elementor-heading-title elementor-size-default\">Lucie<\/h2>\t\t\t\t<\/div>\n\t\t\t\t<\/div>\n\t\t\t\t<div class=\"elementor-element elementor-element-ff15600 elementor-widget elementor-widget-text-editor\" data-id=\"ff15600\" data-element_type=\"widget\" data-e-type=\"widget\" data-widget_type=\"text-editor.default\">\n\t\t\t\t<div class=\"elementor-widget-container\">\n\t\t\t\t\t\t\t\t\t<p>IA polyvalente, Lucie fournit \u00e0 Alice des donn\u00e9es de march\u00e9 en temps r\u00e9el. En permettant d'acc\u00e9der aux donn\u00e9es concurrentielles, aux forces relatives des marques et \u00e0 plus de 1 000 points d'analyse d'interf\u00e9rer avec vos donn\u00e9es internes, Lucie fournit un point de vue externe.<\/p>\t\t\t\t\t\t\t\t<\/div>\n\t\t\t\t<\/div>\n\t\t\t\t<div class=\"elementor-element elementor-element-766b126 link-arrow elementor-view-default elementor-widget elementor-widget-icon\" data-id=\"766b126\" data-element_type=\"widget\" data-e-type=\"widget\" data-widget_type=\"icon.default\">\n\t\t\t\t<div class=\"elementor-widget-container\">\n\t\t\t\t\t\t\t<div class=\"elementor-icon-wrapper\">\n\t\t\t<div class=\"elementor-icon\">\n\t\t\t<svg xmlns=\"http:\/\/www.w3.org\/2000\/svg\" width=\"21\" height=\"21\" viewbox=\"0 0 21 21\" fill=\"none\"><g clip-path=\"url(#clip0_4_59)\"><path d=\"M20.1792 0.4776H18.209H5.40303V2.44775H16.8168L0.477661 18.7869L1.8699 20.1791L18.209 3.83999V15.2537H20.1792V2.44775V0.4776Z\" fill=\"#CF2E2E\"><\/path><\/g><defs><clippath id=\"clip0_4_59\"><rect width=\"19.7015\" height=\"19.7015\" fill=\"white\" transform=\"translate(0.477661 0.4776)\"><\/rect><\/clippath><\/defs><\/svg>\t\t\t<\/div>\n\t\t<\/div>\n\t\t\t\t\t\t<\/div>\n\t\t\t\t<\/div>\n\t\t\t\t<\/a>\n\t\t\t\t<\/div>\n\t\t\t\t<\/div>","protected":false},"excerpt":{"rendered":"<p>Introducing Alice &#038; Lucie the most advanced AIs in developing customer retention Alice Based on Doctor Pearl\u2019s Causal Revolution, Alice is, at the core, a discriminative AI based on Machine Learning dedicated to improving customer loyalty rate. Trained with millions of customers and orders data, Alice is encompassing 20 years of research and application in [&hellip;]<\/p>\n","protected":false},"author":241068190,"featured_media":0,"parent":0,"menu_order":0,"comment_status":"closed","ping_status":"closed","template":"","meta":{"advanced_seo_description":"","jetpack_seo_html_title":"","jetpack_seo_noindex":false,"jetpack_post_was_ever_published":false,"footnotes":""},"class_list":["post-10","page","type-page","status-publish","hentry"],"jetpack_likes_enabled":true,"jetpack_sharing_enabled":true,"jetpack_shortlink":"https:\/\/wp.me\/PfbZNJ-a","_links":{"self":[{"href":"https:\/\/vuca-ai.com\/fr\/wp-json\/wp\/v2\/pages\/10","targetHints":{"allow":["GET"]}}],"collection":[{"href":"https:\/\/vuca-ai.com\/fr\/wp-json\/wp\/v2\/pages"}],"about":[{"href":"https:\/\/vuca-ai.com\/fr\/wp-json\/wp\/v2\/types\/page"}],"author":[{"embeddable":true,"href":"https:\/\/vuca-ai.com\/fr\/wp-json\/wp\/v2\/users\/241068190"}],"replies":[{"embeddable":true,"href":"https:\/\/vuca-ai.com\/fr\/wp-json\/wp\/v2\/comments?post=10"}],"version-history":[{"count":76,"href":"https:\/\/vuca-ai.com\/fr\/wp-json\/wp\/v2\/pages\/10\/revisions"}],"predecessor-version":[{"id":510,"href":"https:\/\/vuca-ai.com\/fr\/wp-json\/wp\/v2\/pages\/10\/revisions\/510"}],"wp:attachment":[{"href":"https:\/\/vuca-ai.com\/fr\/wp-json\/wp\/v2\/media?parent=10"}],"curies":[{"name":"wp","href":"https:\/\/api.w.org\/{rel}","templated":true}]}}