{"id":249,"date":"2023-10-23T13:53:11","date_gmt":"2023-10-23T11:53:11","guid":{"rendered":"https:\/\/vuca-ai.com\/?page_id=249"},"modified":"2024-03-07T15:47:15","modified_gmt":"2024-03-07T14:47:15","slug":"pricing","status":"publish","type":"page","link":"https:\/\/vuca-ai.com\/fr\/pricing\/","title":{"rendered":"Prix"},"content":{"rendered":"<div data-elementor-type=\"wp-page\" data-elementor-id=\"249\" class=\"elementor elementor-249\" data-elementor-post-type=\"page\">\n\t\t\t\t<div class=\"elementor-element elementor-element-5c65c19 e-flex e-con-boxed e-con e-parent\" data-id=\"5c65c19\" data-element_type=\"container\" data-e-type=\"container\">\n\t\t\t\t\t<div class=\"e-con-inner\">\n\t\t<div class=\"elementor-element elementor-element-1ff8978 e-con-full e-flex e-con e-child\" data-id=\"1ff8978\" data-element_type=\"container\" data-e-type=\"container\">\n\t\t\t\t<div class=\"elementor-element elementor-element-899f259 elementor-widget elementor-widget-heading\" data-id=\"899f259\" data-element_type=\"widget\" data-e-type=\"widget\" data-widget_type=\"heading.default\">\n\t\t\t\t<div class=\"elementor-widget-container\">\n\t\t\t\t\t<h2 class=\"elementor-heading-title elementor-size-default\">Audit<\/h2>\t\t\t\t<\/div>\n\t\t\t\t<\/div>\n\t\t\t\t<\/div>\n\t\t<div class=\"elementor-element elementor-element-b3fcdb9 e-con-full e-flex e-con e-child\" data-id=\"b3fcdb9\" data-element_type=\"container\" data-e-type=\"container\">\n\t\t\t\t<div class=\"elementor-element elementor-element-d73d3c5 elementor-widget elementor-widget-text-editor\" data-id=\"d73d3c5\" data-element_type=\"widget\" data-e-type=\"widget\" data-widget_type=\"text-editor.default\">\n\t\t\t\t<div class=\"elementor-widget-container\">\n\t\t\t\t\t\t\t\t\t<p>Testez vos donn\u00e9es face \u00e0 celles de vos concurrents pour comparer vos r\u00e9sultats. <br \/>Obtenez des objectifs de r\u00e9tention client atteignables.<\/p>\t\t\t\t\t\t\t\t<\/div>\n\t\t\t\t<\/div>\n\t\t\t\t<div class=\"elementor-element elementor-element-193752b elementor-widget elementor-widget-text-editor\" data-id=\"193752b\" data-element_type=\"widget\" data-e-type=\"widget\" data-widget_type=\"text-editor.default\">\n\t\t\t\t<div class=\"elementor-widget-container\">\n\t\t\t\t\t\t\t\t\t<p>\u20ac 1200<\/p>\t\t\t\t\t\t\t\t<\/div>\n\t\t\t\t<\/div>\n\t\t\t\t<\/div>\n\t\t\t\t\t<\/div>\n\t\t\t\t<\/div>\n\t\t<div class=\"elementor-element elementor-element-09fb691 e-flex e-con-boxed e-con e-parent\" data-id=\"09fb691\" data-element_type=\"container\" data-e-type=\"container\">\n\t\t\t\t\t<div class=\"e-con-inner\">\n\t\t\t\t<div class=\"elementor-element elementor-element-b0d57f7 elementor-widget-divider--view-line elementor-widget elementor-widget-divider\" data-id=\"b0d57f7\" data-element_type=\"widget\" data-e-type=\"widget\" data-widget_type=\"divider.default\">\n\t\t\t\t<div class=\"elementor-widget-container\">\n\t\t\t\t\t\t\t<div class=\"elementor-divider\">\n\t\t\t<span class=\"elementor-divider-separator\">\n\t\t\t\t\t\t<\/span>\n\t\t<\/div>\n\t\t\t\t\t\t<\/div>\n\t\t\t\t<\/div>\n\t\t\t\t\t<\/div>\n\t\t\t\t<\/div>\n\t\t<div class=\"elementor-element elementor-element-8f76821 e-flex e-con-boxed e-con e-parent\" data-id=\"8f76821\" data-element_type=\"container\" data-e-type=\"container\">\n\t\t\t\t\t<div class=\"e-con-inner\">\n\t\t<div class=\"elementor-element elementor-element-77a561c e-con-full e-flex e-con e-child\" data-id=\"77a561c\" data-element_type=\"container\" data-e-type=\"container\">\n\t\t\t\t<div class=\"elementor-element elementor-element-f12d8aa elementor-widget elementor-widget-heading\" data-id=\"f12d8aa\" data-element_type=\"widget\" data-e-type=\"widget\" data-widget_type=\"heading.default\">\n\t\t\t\t<div class=\"elementor-widget-container\">\n\t\t\t\t\t<h2 class=\"elementor-heading-title elementor-size-default\">Audit + Actions, Tableau de bord<\/h2>\t\t\t\t<\/div>\n\t\t\t\t<\/div>\n\t\t\t\t<\/div>\n\t\t<div class=\"elementor-element elementor-element-d89487b e-con-full e-flex e-con e-child\" data-id=\"d89487b\" data-element_type=\"container\" data-e-type=\"container\">\n\t\t\t\t<div class=\"elementor-element elementor-element-6e50cdd elementor-widget elementor-widget-jet-table\" data-id=\"6e50cdd\" data-element_type=\"widget\" data-e-type=\"widget\" data-widget_type=\"jet-table.default\">\n\t\t\t\t<div class=\"elementor-widget-container\">\n\t\t\t\t\t<div class=\"elementor-jet-table jet-elements\">\n\t\t<div class=\"jet-table-wrapper\">\n\t\t\t<table class=\"jet-table jet-table--fa5-compat\">\n\t\t\t\t<thead class=\"jet-table__head\"><tr class=\"jet-table__head-row\"><th class=\"jet-table__cell elementor-repeater-item-d616870 jet-table__head-cell\" scope=\"col\"><div class=\"jet-table__cell-inner\"><div class=\"jet-table__cell-content\"><\/div><\/div><\/th><\/tr><\/thead>\n\t\t\t\t\t\t\t\t<tbody class=\"jet-table__body\"><td class=\"jet-table__cell elementor-repeater-item-ac4d7f2 jet-table__body-cell\"><div class=\"jet-table__cell-inner\"><div class=\"jet-table__cell-content\"><div class=\"jet-table__cell-text\">Jusqu'\u00e0 12 000 commandes par an<\/div><\/div><\/div><\/td><td class=\"jet-table__cell elementor-repeater-item-550364c jet-table__body-cell\"><div class=\"jet-table__cell-inner\"><div class=\"jet-table__cell-content\"><div class=\"jet-table__cell-text\">\u20ac 350 \/ month<\/div><\/div><\/div><\/td><tr class=\"jet-table__body-row elementor-repeater-item-70bf371\"><td class=\"jet-table__cell elementor-repeater-item-de23c65 jet-table__body-cell\"><div class=\"jet-table__cell-inner\"><div class=\"jet-table__cell-content\"><div class=\"jet-table__cell-text\">Jusqu'\u00e0 120 000 commandes par an<\/div><\/div><\/div><\/td><td class=\"jet-table__cell elementor-repeater-item-e3bd28d jet-table__body-cell\"><div class=\"jet-table__cell-inner\"><div class=\"jet-table__cell-content\"><div class=\"jet-table__cell-text\">\u20ac 2,750 \/ month<\/div><\/div><\/div><\/td><\/tr><tr class=\"jet-table__body-row elementor-repeater-item-1b2e128\"><td class=\"jet-table__cell elementor-repeater-item-2237734 jet-table__body-cell\"><div class=\"jet-table__cell-inner\"><div class=\"jet-table__cell-content\"><div class=\"jet-table__cell-text\">Up to 600,000 orders a year<\/div><\/div><\/div><\/td><td class=\"jet-table__cell elementor-repeater-item-ca8b302 jet-table__body-cell\"><div class=\"jet-table__cell-inner\"><div class=\"jet-table__cell-content\"><div class=\"jet-table__cell-text\">\u20ac 7,700 \/ month<\/div><\/div><\/div><\/td><\/tr><tr class=\"jet-table__body-row elementor-repeater-item-8c5ac2b\"><td class=\"jet-table__cell elementor-repeater-item-d57334c jet-table__body-cell\"><div class=\"jet-table__cell-inner\"><div class=\"jet-table__cell-content\"><div class=\"jet-table__cell-text\">Au-del\u00e0<\/div><\/div><\/div><\/td><td class=\"jet-table__cell elementor-repeater-item-6901421 jet-table__body-cell\"><a class=\"jet-table__cell-inner jet-table__cell-link\" href=\"https:\/\/vuca-ai.com\/fr\/contact-us\/\"><div class=\"jet-table__cell-content\"><div class=\"jet-table__cell-text\">Merci de nous contacter<\/div><\/div><\/a><\/td><\/tr><\/tbody>\n\t\t\t<\/table>\n\t\t<\/div>\n\n\t\t<\/div>\t\t\t\t<\/div>\n\t\t\t\t<\/div>\n\t\t\t\t<\/div>\n\t\t\t\t\t<\/div>\n\t\t\t\t<\/div>\n\t\t\t\t<\/div>","protected":false},"excerpt":{"rendered":"<p>Audit Test your data against your competitors in order to compare your results. Get achievable customer retention targets. \u20ac 1200 Audit + Actions, Dashboard Up to 12,000 orders a year \u20ac 350 \/ month Up to 120,000 orders a year \u20ac 2,750 \/ month Up to 600,000 orders a year \u20ac 7,700 \/ month Over [&hellip;]<\/p>\n","protected":false},"author":241068190,"featured_media":0,"parent":0,"menu_order":0,"comment_status":"closed","ping_status":"closed","template":"","meta":{"advanced_seo_description":"","jetpack_seo_html_title":"","jetpack_seo_noindex":false,"jetpack_post_was_ever_published":false,"footnotes":""},"class_list":["post-249","page","type-page","status-publish","hentry"],"jetpack_likes_enabled":true,"jetpack_sharing_enabled":true,"jetpack_shortlink":"https:\/\/wp.me\/PfbZNJ-41","_links":{"self":[{"href":"https:\/\/vuca-ai.com\/fr\/wp-json\/wp\/v2\/pages\/249","targetHints":{"allow":["GET"]}}],"collection":[{"href":"https:\/\/vuca-ai.com\/fr\/wp-json\/wp\/v2\/pages"}],"about":[{"href":"https:\/\/vuca-ai.com\/fr\/wp-json\/wp\/v2\/types\/page"}],"author":[{"embeddable":true,"href":"https:\/\/vuca-ai.com\/fr\/wp-json\/wp\/v2\/users\/241068190"}],"replies":[{"embeddable":true,"href":"https:\/\/vuca-ai.com\/fr\/wp-json\/wp\/v2\/comments?post=249"}],"version-history":[{"count":36,"href":"https:\/\/vuca-ai.com\/fr\/wp-json\/wp\/v2\/pages\/249\/revisions"}],"predecessor-version":[{"id":771,"href":"https:\/\/vuca-ai.com\/fr\/wp-json\/wp\/v2\/pages\/249\/revisions\/771"}],"wp:attachment":[{"href":"https:\/\/vuca-ai.com\/fr\/wp-json\/wp\/v2\/media?parent=249"}],"curies":[{"name":"wp","href":"https:\/\/api.w.org\/{rel}","templated":true}]}}