{"id":293,"date":"2023-10-23T15:23:28","date_gmt":"2023-10-23T13:23:28","guid":{"rendered":"https:\/\/vuca-ai.com\/?page_id=293"},"modified":"2023-10-23T15:24:46","modified_gmt":"2023-10-23T13:24:46","slug":"privacy-policy-and-cookies","status":"publish","type":"page","link":"https:\/\/vuca-ai.com\/fr\/privacy-policy-and-cookies\/","title":{"rendered":"Donn\u00e9es personnelles et cookies"},"content":{"rendered":"<div data-elementor-type=\"wp-page\" data-elementor-id=\"293\" class=\"elementor elementor-293\" data-elementor-post-type=\"page\">\n\t\t\t\t<div class=\"elementor-element elementor-element-de56de9 e-flex e-con-boxed e-con e-parent\" data-id=\"de56de9\" data-element_type=\"container\" data-e-type=\"container\">\n\t\t\t\t\t<div class=\"e-con-inner\">\n\t\t\t\t<div class=\"elementor-element elementor-element-0d22241 elementor-widget elementor-widget-text-editor\" data-id=\"0d22241\" data-element_type=\"widget\" data-e-type=\"widget\" data-widget_type=\"text-editor.default\">\n\t\t\t\t<div class=\"elementor-widget-container\">\n\t\t\t\t\t\t\t\t\t<p><strong>Responsable du traitement<\/strong><\/p><p>Le responsable de traitement est la soci\u00e9t\u00e9 WEBCOLIBRI.<br \/><strong>\u00a0<\/strong><\/p><p><strong>Traitements mis en \u0153uvre<\/strong><\/p><div class=\"rte__table-wrapper\"><table border=\"1\" width=\"761\"><tbody><tr><td>Types de traitements<\/td><td>Donn\u00e9es concern\u00e9es<\/td><td>Finalit\u00e9s du traitement<\/td><td>\u00a0Bases l\u00e9gales du traitement<\/td><td>Destinataires<\/td><\/tr><tr><td>Formulaire de contact<\/td><td>Donn\u00e9es d\u2019identification<\/td><td>Le traitement a pour objet de r\u00e9pondre \u00e0 vos demandes.<br \/>Il permet :<ul><li>La r\u00e9ception des demandes adress\u00e9es,<br \/>La gestion des suites donn\u00e9es \u00e0 ces demandes,<br \/>La r\u00e9alisation de statistiques.<\/li><\/ul><\/td><td>Consentement (article 6.1.a du RGPD).<br \/>Ex\u00e9cution d\u2019une mesure pr\u00e9contractuelle ou contractuelle (article 6.1.b du RGPD).<br \/>Int\u00e9r\u00eat l\u00e9gitime<br \/>(article 6.1.f), \u00e0 savoir conna\u00eetre les attentes des utilisateurs du site<\/td><td>En interne : les services charg\u00e9s du traitement de votre demande.<br \/>En externe, notre prestataire informatique.<\/td><\/tr><tr><td>Navigation en ligne (cookies)<\/td><td>Donn\u00e9es de navigation, Dur\u00e9e de votre visite, Informations techniques (adresse IP, navigateur utilis\u00e9, etc.)<\/td><td>Le traitement a pour objet :<ul><li>De permettre au site de fonctionner<\/li><li>D\u2019am\u00e9liorer l\u2019interactivit\u00e9 du site (services propos\u00e9s par des sites tiers tels les boutons de partage).<\/li><li>Diffuser des contenus appropri\u00e9s selon l\u2019appareil utilis\u00e9.<\/li><\/ul><\/td><td>Int\u00e9r\u00eat l\u00e9gitime (article 6.1.f), \u00e0 savoir le fonctionnement du site. Consentement (article 6.1.a du RGPD)<\/td><td>En interne : les services charg\u00e9s de la communication.En externe, notre prestataire informatique.<\/td><\/tr><tr><td>Actions de prospection commerciale et de marketing<\/td><td>Donn\u00e9es d\u2019identification<\/td><td>Le traitement a pour objet de permettre des op\u00e9rations de prospection<\/td><td>Consentement (article 6.1.a du RGPD)<\/td><td>En interne : les services charg\u00e9s de la communication et du marketing.<br \/>En externe, nos prestataires informatiques et marketing.<\/td><\/tr><\/tbody><\/table><\/div><p>\u00a0<\/p><p><strong>Dur\u00e9e de conservation<\/strong><\/p><p>Les donn\u00e9es sont conserv\u00e9es pour la dur\u00e9e de la relation contractuelle et selon les dur\u00e9es de prescription relatives \u00e0 la conservation ou \u00e0 la protection des droits de notre soci\u00e9t\u00e9.<br \/>Les donn\u00e9es n\u00e9cessaires \u00e0 l\u2019ex\u00e9cution d\u2019un contrat sont conserv\u00e9es pendant la dur\u00e9e de la relation contractuelle.<br \/>Les donn\u00e9es comptables et fiscales sont conserv\u00e9es pendant une dur\u00e9e de 10 ans.<br \/>Pour les op\u00e9rations de prospection, les donn\u00e9es sont conserv\u00e9es jusqu\u2019au retrait du consentement ou 3 ans \u00e0 compter du dernier contact.<br \/>Elles peuvent \u00e9galement \u00eatre conserv\u00e9es :<\/p><ul><li>pour une dur\u00e9e de 3 ans \u00e0 compter du dernier contact que les personnes auxquelles elles se rapportent ont eu avec notre soci\u00e9t\u00e9 ;<\/li><li>apr\u00e8s l\u2019ex\u00e9cution du contrat, en archivage interm\u00e9diaire, pour r\u00e9pondre \u00e0 des obligations comptables ou fiscale\u00a0 ou pour se constituer une preuve en cas de contentieux et dans la limite du d\u00e9lai de prescription applicable.<\/li><\/ul><p>Les donn\u00e9es du compte client, cr\u00e9\u00e9 par ce dernier, ont vocation \u00e0 \u00eatre conserv\u00e9es jusqu\u2019\u00e0 la suppression du compte par l\u2019utilisateur. Toutefois, le compte sera consid\u00e9r\u00e9 comme inactif \u00e0 d\u00e9faut d\u2019utilisation pendant 2 ans et pourra faire l\u2019objet d\u2019une suppression.<br \/>Lorsqu\u2019une personne exerce son droit d\u2019opposition \u00e0 recevoir de la prospection, afin de garantir son effectivit\u00e9, les informations permettant de prendre en compte ce droit sont conserv\u00e9es au minimum 3 ans \u00e0 compter de l\u2019exercice du droit.<\/p><p><strong>Droits des personnes<\/strong><\/p><p>Vous \u00eates inform\u00e9s de vos diff\u00e9rents droits :<\/p><ul><li>Droit d\u2019acc\u00e8s aux donn\u00e9es \u00e0 caract\u00e8re personnel vous concernant,<\/li><li>Droit de rectification,<\/li><li>Droit de retirer \u00e0 tout moment votre consentement,<\/li><li>Droit \u00e0 l\u2019effacement,<\/li><li>Droit \u00e0 la limitation du traitement,<\/li><li>Droit d\u2019opposition,<\/li><li>Droit \u00e0 la portabilit\u00e9 des donn\u00e9es,<\/li><li>Droit de d\u00e9finir des directives relatives au sort de vos donn\u00e9es \u00e0 caract\u00e8re personnel apr\u00e8s votre mort,<\/li><li>Droit d\u2019introduire une r\u00e9clamation aupr\u00e8s d\u2019une autorit\u00e9 de contr\u00f4le (la CNIL en France).<\/li><\/ul><p>Ces droits peuvent \u00eatre exerc\u00e9s directement aupr\u00e8s du responsable de traitement.<\/p><p><strong>Cookies<\/strong><\/p><p>Lors de la consultation du site internet, des informations concernant le visiteur\u00a0 ou relatives \u00e0 la navigation du terminal (ordinateur, tablette, smartphone, etc.), sont susceptibles d\u2019\u00eatre lues ou enregistr\u00e9es dans des fichiers \u00ab\u00a0cookies\u00a0\u00bb install\u00e9s sur le terminal du visiteur, sous r\u00e9serve des choix exprim\u00e9s concernant les cookies.<\/p><p>Pour en savoir plus sur les cookies, leur fonctionnement et les moyens de s\u2019y opposer : <a class=\"text-link\" href=\"https:\/\/www.cnil.fr\/fr\/cookies-les-outils-pour-les-maitriser\">https:\/\/www.cnil.fr\/fr\/cookies-les-outils-pour-les-maitriser<\/a><\/p><p>Certains cookies peuvent \u00eatre d\u00e9pos\u00e9s ou lus sans recueillir le consentement des personnes, \u00e0 savoir :<\/p><ul><li>Les cookies ayant pour finalit\u00e9 exclusive de permettre, ou faciliter la communication par voie \u00e9lectronique ;<\/li><li>Les cookies strictement n\u00e9cessaires \u00e0 la fourniture d\u2019un service express\u00e9ment demand\u00e9 par l\u2019utilisateur ;<\/li><li>Certains cookies de mesure d\u2019audience.<u><\/u><\/li><\/ul><p><a href=\"mailto:contact@vuca-strategy.com\"><u>Contactez-nous<\/u><\/a> directement pour toute information. En vous remerciant de l\u2019int\u00e9r\u00eat que vous portez \u00e0 notre site, nous vous souhaitons une bonne navigation.<\/p>\t\t\t\t\t\t\t\t<\/div>\n\t\t\t\t<\/div>\n\t\t\t\t\t<\/div>\n\t\t\t\t<\/div>\n\t\t\t\t<\/div>","protected":false},"excerpt":{"rendered":"<p>Responsable du traitement Le responsable de traitement est la soci\u00e9t\u00e9 WEBCOLIBRI.\u00a0 Traitements mis en \u0153uvre Types de traitements Donn\u00e9es concern\u00e9es Finalit\u00e9s du traitement \u00a0Bases l\u00e9gales du traitement Destinataires Formulaire de contact Donn\u00e9es d\u2019identification Le traitement a pour objet de r\u00e9pondre \u00e0 vos demandes.Il permet : La r\u00e9ception des demandes adress\u00e9es,La gestion des suites donn\u00e9es \u00e0 [&hellip;]<\/p>\n","protected":false},"author":241068190,"featured_media":0,"parent":0,"menu_order":0,"comment_status":"closed","ping_status":"closed","template":"","meta":{"advanced_seo_description":"","jetpack_seo_html_title":"","jetpack_seo_noindex":false,"jetpack_post_was_ever_published":false,"footnotes":""},"class_list":["post-293","page","type-page","status-publish","hentry"],"jetpack_likes_enabled":true,"jetpack_sharing_enabled":true,"jetpack_shortlink":"https:\/\/wp.me\/PfbZNJ-4J","_links":{"self":[{"href":"https:\/\/vuca-ai.com\/fr\/wp-json\/wp\/v2\/pages\/293","targetHints":{"allow":["GET"]}}],"collection":[{"href":"https:\/\/vuca-ai.com\/fr\/wp-json\/wp\/v2\/pages"}],"about":[{"href":"https:\/\/vuca-ai.com\/fr\/wp-json\/wp\/v2\/types\/page"}],"author":[{"embeddable":true,"href":"https:\/\/vuca-ai.com\/fr\/wp-json\/wp\/v2\/users\/241068190"}],"replies":[{"embeddable":true,"href":"https:\/\/vuca-ai.com\/fr\/wp-json\/wp\/v2\/comments?post=293"}],"version-history":[{"count":6,"href":"https:\/\/vuca-ai.com\/fr\/wp-json\/wp\/v2\/pages\/293\/revisions"}],"predecessor-version":[{"id":299,"href":"https:\/\/vuca-ai.com\/fr\/wp-json\/wp\/v2\/pages\/293\/revisions\/299"}],"wp:attachment":[{"href":"https:\/\/vuca-ai.com\/fr\/wp-json\/wp\/v2\/media?parent=293"}],"curies":[{"name":"wp","href":"https:\/\/api.w.org\/{rel}","templated":true}]}}