{"id":80,"date":"2023-10-16T12:00:31","date_gmt":"2023-10-16T10:00:31","guid":{"rendered":"https:\/\/vuca-ai.com\/?page_id=80"},"modified":"2023-10-23T12:01:51","modified_gmt":"2023-10-23T10:01:51","slug":"safety","status":"publish","type":"page","link":"https:\/\/vuca-ai.com\/fr\/safety\/","title":{"rendered":"S\u00e9curit\u00e9"},"content":{"rendered":"<div data-elementor-type=\"wp-page\" data-elementor-id=\"80\" class=\"elementor elementor-80\" data-elementor-post-type=\"page\">\n\t\t\t\t<div class=\"elementor-element elementor-element-015b814 e-con-full e-flex e-con e-parent\" data-id=\"015b814\" data-element_type=\"container\" data-e-type=\"container\">\n\t\t<div class=\"elementor-element elementor-element-533d783 e-con-full e-flex e-con e-child\" data-id=\"533d783\" data-element_type=\"container\" data-e-type=\"container\">\n\t\t\t\t<div class=\"elementor-element elementor-element-53a324c elementor-widget elementor-widget-heading\" data-id=\"53a324c\" data-element_type=\"widget\" data-e-type=\"widget\" data-widget_type=\"heading.default\">\n\t\t\t\t<div class=\"elementor-widget-container\">\n\t\t\t\t\t<h2 class=\"elementor-heading-title elementor-size-default\">\u00c9laborer et mettre en \u0153uvre<\/br> des IA s\u00fbres et responsables\n<\/h2>\t\t\t\t<\/div>\n\t\t\t\t<\/div>\n\t\t\t\t<\/div>\n\t\t<div class=\"elementor-element elementor-element-9a7dc5a e-con-full e-flex e-con e-child\" data-id=\"9a7dc5a\" data-element_type=\"container\" data-e-type=\"container\">\n\t\t\t\t<div class=\"elementor-element elementor-element-a9d967b elementor-widget elementor-widget-text-editor\" data-id=\"a9d967b\" data-element_type=\"widget\" data-e-type=\"widget\" data-widget_type=\"text-editor.default\">\n\t\t\t\t<div class=\"elementor-widget-container\">\n\t\t\t\t\t\t\t\t\t<p>Les applications VUCA AI b\u00e9n\u00e9ficient de la d\u00e9marche de \"Privacy by Design\" et sont conformes au RGPD de l'UE. Des solutions cloud souveraines de confiance sont utilis\u00e9es.<\/p>\t\t\t\t\t\t\t\t<\/div>\n\t\t\t\t<\/div>\n\t\t\t\t<\/div>\n\t\t\t\t<\/div>\n\t\t<div class=\"elementor-element elementor-element-ba00aeb e-flex e-con-boxed e-con e-parent\" data-id=\"ba00aeb\" data-element_type=\"container\" data-e-type=\"container\">\n\t\t\t\t\t<div class=\"e-con-inner\">\n\t\t\t\t<div class=\"elementor-element elementor-element-701cd8f elementor-widget elementor-widget-image\" data-id=\"701cd8f\" data-element_type=\"widget\" data-e-type=\"widget\" data-widget_type=\"image.default\">\n\t\t\t\t<div class=\"elementor-widget-container\">\n\t\t\t\t\t\t\t\t\t\t\t\t\t\t\t<img fetchpriority=\"high\" decoding=\"async\" data-attachment-id=\"240\" data-permalink=\"https:\/\/vuca-ai.com\/fr\/safety\/istock-1399072907\/\" data-orig-file=\"https:\/\/i0.wp.com\/vuca-ai.com\/wp-content\/uploads\/2023\/10\/iStock-1399072907.jpg?fit=2000%2C1124&amp;ssl=1\" data-orig-size=\"2000,1124\" data-comments-opened=\"0\" data-image-meta=\"{&quot;aperture&quot;:&quot;0&quot;,&quot;credit&quot;:&quot;&quot;,&quot;camera&quot;:&quot;&quot;,&quot;caption&quot;:&quot;&quot;,&quot;created_timestamp&quot;:&quot;0&quot;,&quot;copyright&quot;:&quot;&quot;,&quot;focal_length&quot;:&quot;0&quot;,&quot;iso&quot;:&quot;0&quot;,&quot;shutter_speed&quot;:&quot;0&quot;,&quot;title&quot;:&quot;&quot;,&quot;orientation&quot;:&quot;0&quot;}\" data-image-title=\"iStock-1399072907\" data-image-description=\"\" data-image-caption=\"\" data-large-file=\"https:\/\/i0.wp.com\/vuca-ai.com\/wp-content\/uploads\/2023\/10\/iStock-1399072907.jpg?fit=800%2C449&amp;ssl=1\" width=\"2000\" height=\"1124\" src=\"https:\/\/i0.wp.com\/vuca-ai.com\/wp-content\/uploads\/2023\/10\/iStock-1399072907.jpg?fit=2000%2C1124&amp;ssl=1\" class=\"attachment-full size-full wp-image-240\" alt=\"\" srcset=\"https:\/\/i0.wp.com\/vuca-ai.com\/wp-content\/uploads\/2023\/10\/iStock-1399072907.jpg?w=2000&amp;ssl=1 2000w, https:\/\/i0.wp.com\/vuca-ai.com\/wp-content\/uploads\/2023\/10\/iStock-1399072907.jpg?resize=300%2C169&amp;ssl=1 300w, https:\/\/i0.wp.com\/vuca-ai.com\/wp-content\/uploads\/2023\/10\/iStock-1399072907.jpg?resize=1024%2C575&amp;ssl=1 1024w, https:\/\/i0.wp.com\/vuca-ai.com\/wp-content\/uploads\/2023\/10\/iStock-1399072907.jpg?resize=768%2C432&amp;ssl=1 768w, https:\/\/i0.wp.com\/vuca-ai.com\/wp-content\/uploads\/2023\/10\/iStock-1399072907.jpg?resize=1536%2C863&amp;ssl=1 1536w, https:\/\/i0.wp.com\/vuca-ai.com\/wp-content\/uploads\/2023\/10\/iStock-1399072907.jpg?resize=18%2C10&amp;ssl=1 18w, https:\/\/i0.wp.com\/vuca-ai.com\/wp-content\/uploads\/2023\/10\/iStock-1399072907.jpg?w=1600&amp;ssl=1 1600w\" sizes=\"(max-width: 2000px) 100vw, 2000px\" \/>\t\t\t\t\t\t\t\t\t\t\t\t\t\t\t<\/div>\n\t\t\t\t<\/div>\n\t\t\t\t\t<\/div>\n\t\t\t\t<\/div>\n\t\t\t\t<\/div>","protected":false},"excerpt":{"rendered":"<p>Developing and performing safe and responsible AI VUCA AI applications are benefiting from Privacy by Design and comply to EU GDPR. Trusted cloud solutions are used.<\/p>","protected":false},"author":241068190,"featured_media":0,"parent":0,"menu_order":0,"comment_status":"closed","ping_status":"closed","template":"","meta":{"advanced_seo_description":"","jetpack_seo_html_title":"","jetpack_seo_noindex":false,"jetpack_post_was_ever_published":false,"footnotes":""},"class_list":["post-80","page","type-page","status-publish","hentry"],"jetpack_likes_enabled":true,"jetpack_sharing_enabled":true,"jetpack_shortlink":"https:\/\/wp.me\/PfbZNJ-1i","_links":{"self":[{"href":"https:\/\/vuca-ai.com\/fr\/wp-json\/wp\/v2\/pages\/80","targetHints":{"allow":["GET"]}}],"collection":[{"href":"https:\/\/vuca-ai.com\/fr\/wp-json\/wp\/v2\/pages"}],"about":[{"href":"https:\/\/vuca-ai.com\/fr\/wp-json\/wp\/v2\/types\/page"}],"author":[{"embeddable":true,"href":"https:\/\/vuca-ai.com\/fr\/wp-json\/wp\/v2\/users\/241068190"}],"replies":[{"embeddable":true,"href":"https:\/\/vuca-ai.com\/fr\/wp-json\/wp\/v2\/comments?post=80"}],"version-history":[{"count":5,"href":"https:\/\/vuca-ai.com\/fr\/wp-json\/wp\/v2\/pages\/80\/revisions"}],"predecessor-version":[{"id":243,"href":"https:\/\/vuca-ai.com\/fr\/wp-json\/wp\/v2\/pages\/80\/revisions\/243"}],"wp:attachment":[{"href":"https:\/\/vuca-ai.com\/fr\/wp-json\/wp\/v2\/media?parent=80"}],"curies":[{"name":"wp","href":"https:\/\/api.w.org\/{rel}","templated":true}]}}