{"id":82,"date":"2023-10-16T12:01:02","date_gmt":"2023-10-16T10:01:02","guid":{"rendered":"https:\/\/vuca-ai.com\/?page_id=82"},"modified":"2023-10-27T10:25:20","modified_gmt":"2023-10-27T08:25:20","slug":"developers","status":"publish","type":"page","link":"https:\/\/vuca-ai.com\/fr\/developers\/","title":{"rendered":"D\u00e9veloppeurs"},"content":{"rendered":"<div data-elementor-type=\"wp-page\" data-elementor-id=\"82\" class=\"elementor elementor-82\" data-elementor-post-type=\"page\">\n\t\t\t\t<div class=\"elementor-element elementor-element-afbe6c3 e-flex e-con-boxed e-con e-parent\" data-id=\"afbe6c3\" data-element_type=\"container\" data-e-type=\"container\">\n\t\t\t\t\t<div class=\"e-con-inner\">\n\t\t<div class=\"elementor-element elementor-element-d5fa666 e-con-full e-flex e-con e-child\" data-id=\"d5fa666\" data-element_type=\"container\" data-e-type=\"container\">\n\t\t\t\t<div class=\"elementor-element elementor-element-96d785b elementor-widget elementor-widget-heading\" data-id=\"96d785b\" data-element_type=\"widget\" data-e-type=\"widget\" data-widget_type=\"heading.default\">\n\t\t\t\t<div class=\"elementor-widget-container\">\n\t\t\t\t\t<h2 class=\"elementor-heading-title elementor-size-default\">Aper\u00e7u g\u00e9n\u00e9ral<\/h2>\t\t\t\t<\/div>\n\t\t\t\t<\/div>\n\t\t\t\t<\/div>\n\t\t<div class=\"elementor-element elementor-element-2d83dba e-con-full e-flex e-con e-child\" data-id=\"2d83dba\" data-element_type=\"container\" data-e-type=\"container\">\n\t\t\t\t<div class=\"elementor-element elementor-element-a73da5a elementor-widget elementor-widget-text-editor\" data-id=\"a73da5a\" data-element_type=\"widget\" data-e-type=\"widget\" data-widget_type=\"text-editor.default\">\n\t\t\t\t<div class=\"elementor-widget-container\">\n\t\t\t\t\t\t\t\t\t<p>VUCA AI permet \u00e0 des tiers de d\u00e9velopper des API pour ses IA ALICE et LUCIE afin de dialoguer avec diff\u00e9rentes plateformes.<\/p><p>Pour plus d'informations, prenez simplement contact avec nous via le formulaire.<\/p>\t\t\t\t\t\t\t\t<\/div>\n\t\t\t\t<\/div>\n\t\t\t\t<\/div>\n\t\t\t\t\t<\/div>\n\t\t\t\t<\/div>\n\t\t\t\t<\/div>","protected":false},"excerpt":{"rendered":"<p>Overview VUCA AI allows API to be developed by outside parties for its ALICE and LUCIE AI in order to dialog with different platforms. For more information, just get in touch through the contact form.<\/p>","protected":false},"author":241068190,"featured_media":0,"parent":0,"menu_order":0,"comment_status":"closed","ping_status":"closed","template":"","meta":{"advanced_seo_description":"","jetpack_seo_html_title":"","jetpack_seo_noindex":false,"jetpack_post_was_ever_published":false,"footnotes":""},"class_list":["post-82","page","type-page","status-publish","hentry"],"jetpack_likes_enabled":true,"jetpack_sharing_enabled":true,"jetpack_shortlink":"https:\/\/wp.me\/PfbZNJ-1k","_links":{"self":[{"href":"https:\/\/vuca-ai.com\/fr\/wp-json\/wp\/v2\/pages\/82","targetHints":{"allow":["GET"]}}],"collection":[{"href":"https:\/\/vuca-ai.com\/fr\/wp-json\/wp\/v2\/pages"}],"about":[{"href":"https:\/\/vuca-ai.com\/fr\/wp-json\/wp\/v2\/types\/page"}],"author":[{"embeddable":true,"href":"https:\/\/vuca-ai.com\/fr\/wp-json\/wp\/v2\/users\/241068190"}],"replies":[{"embeddable":true,"href":"https:\/\/vuca-ai.com\/fr\/wp-json\/wp\/v2\/comments?post=82"}],"version-history":[{"count":23,"href":"https:\/\/vuca-ai.com\/fr\/wp-json\/wp\/v2\/pages\/82\/revisions"}],"predecessor-version":[{"id":468,"href":"https:\/\/vuca-ai.com\/fr\/wp-json\/wp\/v2\/pages\/82\/revisions\/468"}],"wp:attachment":[{"href":"https:\/\/vuca-ai.com\/fr\/wp-json\/wp\/v2\/media?parent=82"}],"curies":[{"name":"wp","href":"https:\/\/api.w.org\/{rel}","templated":true}]}}